{"id":21565,"date":"2025-07-12T11:49:34","date_gmt":"2025-07-12T11:49:34","guid":{"rendered":"https:\/\/alv-solar.com\/?post_type=product&#038;p=21565"},"modified":"2025-12-09T19:56:47","modified_gmt":"2025-12-09T19:56:47","slug":"h-shaped-solar-panel-rail","status":"publish","type":"product","link":"https:\/\/alv-solar.com\/tr\/product\/h-seklinde-gunes-paneli-rayi\/","title":{"rendered":"H \u015feklinde g\u00fcne\u015f paneli ray\u0131"},"content":{"rendered":"<h2>H \u015eeklinde G\u00fcne\u015f Paneli Ray\u0131 \u00dcreticisi \u2013 \u00d6zel Al\u00fcminyum Montaj \u00c7\u00f6z\u00fcmleri<\/h2>\n<p><strong>H \u015feklinde g\u00fcne\u015f paneli raylar\u0131<\/strong> Hem d\u00fcz hem de e\u011fimli \u00e7at\u0131larda g\u00fcvenli ve verimli g\u00fcne\u015f enerjisi montaj\u0131 i\u00e7in tasarlanm\u0131\u015ft\u0131r. Bu al\u00fcminyum raylar, sa\u011flam yap\u0131sal destek ve uzun s\u00fcreli dayan\u0131kl\u0131l\u0131k sunarak konut, ticari ve end\u00fcstriyel g\u00fcne\u015f enerjisi sistemleri i\u00e7in idealdir.<\/p>\n<p>Benzersiz bir \u00f6zelli\u011fe sahip <strong>H-profil yap\u0131s\u0131<\/strong>Rayl\u0131 sistem, \u00e7o\u011fu fotovoltaik (PV) mod\u00fclle uyumlulu\u011funu korurken \u00fcst\u00fcn y\u00fck ta\u015f\u0131ma kapasitesi sunar. Uygun g\u00fcne\u015f \u00e7at\u0131 kancalar\u0131 veya braketleriyle birlikte kullan\u0131ld\u0131\u011f\u0131nda, sa\u011flam ve hava ko\u015fullar\u0131na dayan\u0131kl\u0131 bir g\u00fcne\u015f paneli kurulum temeli olu\u015fturur.<\/p>\n<p>ALV, tam montajl\u0131 H tipi al\u00fcminyum montaj raylar\u0131n\u0131 birden fazla standart uzunluk ve boyutta sunar. <strong>\u00f6zelle\u015ftirme se\u00e7enekleri<\/strong> Projenizin ihtiya\u00e7lar\u0131na g\u00f6re uyarlanm\u0131\u015ft\u0131r. G\u00fcne\u015f enerjisi projeniz ister kiremit \u00e7at\u0131lara, ister metal saclara veya beton yap\u0131lara kurulsun, raylar\u0131m\u0131z h\u0131zl\u0131 kurulum, yap\u0131sal g\u00fcvenilirlik ve uzun hizmet \u00f6mr\u00fc sa\u011flar.<\/p>\n<h2>H Profilli G\u00fcne\u015f Montaj Raylar\u0131n\u0131n Temel \u00d6zellikleri<\/h2>\n<h4>\u00d6zelle\u015ftirilebilir Uzunluk Se\u00e7enekleri<\/h4>\n<p>\u00c7e\u015fitli g\u00fcne\u015f montaj senaryolar\u0131na uyacak \u015fekilde 2560 mm, 3405 mm, 4200 mm, 5200 mm veya sipari\u015fe g\u00f6re uzunluklarda mevcuttur.<\/p>\n<h4>G\u00fcne\u015f Panelleriyle Geni\u015f Uyumluluk<\/h4>\n<p>Evrensel ray tasar\u0131m\u0131, \u00e7o\u011fu PV panel boyutu ve markas\u0131yla entegrasyonu destekleyerek kurulum ve tedarik s\u00fcre\u00e7lerini basitle\u015ftirir.<\/p>\n<h4>Hafif ve Montaj Dostu<\/h4>\n<p>Y\u00fcksek mukavemetli 6005-T5 al\u00fcminyumdan \u00fcretilen raylar\u0131m\u0131z, sahada kolayca ta\u015f\u0131nabilir ve nakliye maliyetlerini d\u00fc\u015f\u00fcrmeye yard\u0131mc\u0131 olur.<\/p>\n<h4>Korozyona Dayan\u0131kl\u0131 Eloksall\u0131 Y\u00fczey<\/h4>\n<p>Eloksal kaplama m\u00fckemmel hava ko\u015fullar\u0131na dayan\u0131kl\u0131l\u0131k sa\u011flar ve bu da ray\u0131 zorlu d\u0131\u015f ortamlar i\u00e7in ideal hale getirir.<\/p>\n<h4>\u015e\u0131k ve \u0130\u015flevsel H \u015eeklinde Profil<\/h4>\n<p>Temiz ve simetrik profil, \u00e7at\u0131 \u00fcst\u00fc g\u00fcne\u015f enerjisi uygulamalar\u0131 i\u00e7in hem mekanik b\u00fct\u00fcnl\u00fc\u011f\u00fc hem de estetik g\u00f6r\u00fcn\u00fcm\u00fc garanti eder.<\/p>\n<h4>Esnek \u015eekil ve Kaplama Se\u00e7imi<\/h4>\n<p>G\u00fcm\u00fc\u015f ve siyah UV dayan\u0131ml\u0131 kaplamalar da dahil olmak \u00fczere geni\u015f bir kesit, y\u00fczey i\u015flemi ve kaplama se\u00e7ene\u011fi sunuyoruz.<\/p>\n<h4>Aletsiz, H\u0131zl\u0131 Kurulum<\/h4>\n<p>\u00d6nceden monte edilmi\u015f veya c\u0131vata ba\u011flant\u0131l\u0131 ray sistemleri, sahada delme veya kaynak gerektirmedi\u011finden montaj s\u00fcresini en aza indirir.<\/p>\n<h4>D\u0131\u015f Mekan Ortamlar\u0131 i\u00e7in Renk Se\u00e7enekleri<\/h4>\n<p>UV \u0131\u015f\u0131nlar\u0131na ve kir birikimine dayan\u0131kl\u0131 olarak tasarlanan eloksall\u0131 g\u00fcm\u00fc\u015f veya mat siyah aras\u0131ndan se\u00e7im yap\u0131n.<\/p>\n<h2>Teknik \u00d6zellikler<\/h2>\n<table>\n<tbody>\n<tr>\n<td><strong>\u00dcr\u00fcn Uzunlu\u011fu<\/strong><\/td>\n<td>2560mm, 3405mm, 4200mm, 5200mm veya \u00f6zelle\u015ftirilmi\u015f<\/td>\n<\/tr>\n<tr>\n<td><strong>Malzeme<\/strong><\/td>\n<td>Al\u00fcminyum 6005-T5<\/td>\n<\/tr>\n<tr>\n<td><strong>Y\u00fczey \u0130\u015flem<\/strong><\/td>\n<td>Eloksal kaplama<\/td>\n<\/tr>\n<tr>\n<td><strong>R\u00fczgar Y\u00fck Kapasitesi<\/strong><\/td>\n<td>60M\/S&#039;ye kadar<\/td>\n<\/tr>\n<tr>\n<td><strong>Kar Y\u00fck\u00fc Direnci<\/strong><\/td>\n<td>1,4KN<\/td>\n<\/tr>\n<tr>\n<td><strong>Mevcut Renkler<\/strong><\/td>\n<td>G\u00fcm\u00fc\u015f, Siyah<\/td>\n<\/tr>\n<tr>\n<td><strong>Hizmet \u00d6mr\u00fc<\/strong><\/td>\n<td>25 y\u0131l<\/td>\n<\/tr>\n<tr>\n<td><strong>Garanti<\/strong><\/td>\n<td>12 y\u0131l<\/td>\n<\/tr>\n<\/tbody>\n<\/table>\n<h2>S\u0131k\u00e7a Sorulan Sorular \u2013 H \u015eeklinde G\u00fcne\u015f Raylar\u0131<\/h2>\n<h3>\u00dccretsiz numune sa\u011fl\u0131yor musunuz?<\/h3>\n<p>Evet, \u00fcr\u00fcn de\u011ferlendirmesi, kalite kontrol\u00fc ve testi i\u00e7in \u00fccretsiz numune sunuyoruz.<\/p>\n<h3>Tipik teslim s\u00fcresi nedir?<\/h3>\n<p>\u00dccretsiz numuneler 3 i\u015f g\u00fcn\u00fc i\u00e7inde kargoya verilir. Toplu sipari\u015fler genellikle miktar ve sto\u011fa ba\u011fl\u0131 olarak 2-3 hafta i\u00e7inde kargoya verilir.<\/p>\n<h3>OEM veya \u00f6zel \u00fcretim talep edebilir miyim?<\/h3>\n<p>Kesinlikle. OEM&#039;i destekliyor ve \u00e7izimlerinize, \u00f6zelliklerinize veya tasar\u0131m gereksinimlerinize g\u00f6re \u00fcretim yapabiliyoruz.<\/p>\n<h3>Minimum sipari\u015f miktar\u0131 (MOQ) var m\u0131?<\/h3>\n<p>Minimum sipari\u015f miktar\u0131 (MOQ) gerekli de\u011fildir. Deneme sipari\u015fleri ve k\u00fc\u00e7\u00fck partili projeleri memnuniyetle kar\u015f\u0131l\u0131yoruz.<\/p>","protected":false},"excerpt":{"rendered":"<p>ALV H \u015feklindeki g\u00fcne\u015f paneli ray\u0131, matkap gerektirmeyen bir \u00e7at\u0131 g\u00fcne\u015f enerjisi sistemi arayan kullan\u0131c\u0131lar i\u00e7in hem kullan\u0131c\u0131 dostu hem de uygun maliyetli olan ekstr\u00fcde al\u00fcminyum ala\u015f\u0131ml\u0131 bir rayd\u0131r.<\/p>","protected":false},"featured_media":21610,"comment_status":"closed","ping_status":"closed","template":"","meta":[],"product_brand":[],"product_cat":[207,206],"product_tag":[],"class_list":{"0":"post-21565","1":"product","2":"type-product","3":"status-publish","4":"has-post-thumbnail","6":"product_cat-rails","7":"product_cat-roof-mounting-systems","9":"first","10":"instock","11":"shipping-taxable","12":"product-type-simple"},"_links":{"self":[{"href":"https:\/\/alv-solar.com\/tr\/wp-json\/wp\/v2\/product\/21565","targetHints":{"allow":["GET"]}}],"collection":[{"href":"https:\/\/alv-solar.com\/tr\/wp-json\/wp\/v2\/product"}],"about":[{"href":"https:\/\/alv-solar.com\/tr\/wp-json\/wp\/v2\/types\/product"}],"replies":[{"embeddable":true,"href":"https:\/\/alv-solar.com\/tr\/wp-json\/wp\/v2\/comments?post=21565"}],"version-history":[{"count":1,"href":"https:\/\/alv-solar.com\/tr\/wp-json\/wp\/v2\/product\/21565\/revisions"}],"predecessor-version":[{"id":22323,"href":"https:\/\/alv-solar.com\/tr\/wp-json\/wp\/v2\/product\/21565\/revisions\/22323"}],"wp:featuredmedia":[{"embeddable":true,"href":"https:\/\/alv-solar.com\/tr\/wp-json\/wp\/v2\/media\/21610"}],"wp:attachment":[{"href":"https:\/\/alv-solar.com\/tr\/wp-json\/wp\/v2\/media?parent=21565"}],"wp:term":[{"taxonomy":"product_brand","embeddable":true,"href":"https:\/\/alv-solar.com\/tr\/wp-json\/wp\/v2\/product_brand?post=21565"},{"taxonomy":"product_cat","embeddable":true,"href":"https:\/\/alv-solar.com\/tr\/wp-json\/wp\/v2\/product_cat?post=21565"},{"taxonomy":"product_tag","embeddable":true,"href":"https:\/\/alv-solar.com\/tr\/wp-json\/wp\/v2\/product_tag?post=21565"}],"curies":[{"name":"wp","href":"https:\/\/api.w.org\/{rel}","templated":true}]}}